{"id":6,"date":"2014-02-14T06:35:10","date_gmt":"2014-02-14T06:35:10","guid":{"rendered":"http:\/\/s\u00e4gewerk-spiegel.de\/?page_id=6"},"modified":"2023-01-06T20:47:53","modified_gmt":"2023-01-06T20:47:53","slug":"produkte","status":"publish","type":"page","link":"http:\/\/s\u00e4gewerk-spiegel.de\/?page_id=6","title":{"rendered":"Produkte"},"content":{"rendered":"<p>&nbsp;<\/p>\n<p>&nbsp;<\/p>\n<p>&nbsp;<\/p>\n<p><strong>Wir bieten Ihnen folgende Produkte an:<\/strong><\/p>\n<ul>\n<li><strong>Schnittholz in allen \u00fcblichen Dimensionen:<\/strong><\/li>\n<\/ul>\n<blockquote>\n<ul>\n<li><strong>Bauholz nach Liste<\/strong><\/li>\n<li><strong>Kanth\u00f6lzer, Latten, Bohlen<\/strong><\/li>\n<li><strong>Bretter (L\u00e4ngen 1-6 m)<br \/>\n<\/strong><\/li>\n<li><strong>Blockware<\/strong><\/li>\n<li><strong>Holzarten: Fichte, L\u00e4rche, Douglasie, Eiche, Esche, Buche, etc.<\/strong><\/li>\n<\/ul>\n<\/blockquote>\n<ul>\n<li><strong>Paletten\u00a0<\/strong> <strong>und Verpackungsh\u00f6lzer<\/strong><\/li>\n<\/ul>\n<ul>\n<li><strong>Konstruktionsvollholz KVH und Brettschichtholz BSH<\/strong><\/li>\n<\/ul>\n<ul>\n<li><strong>Hobelware (z.B. Terrassendielen L\u00e4rche, etc.)<\/strong><\/li>\n<\/ul>\n<ul>\n<li><strong>Brennholz (Buche oder Nadelholz) frisch oder abgelagert, Lieferung m\u00f6glich<\/strong><\/li>\n<\/ul>\n<ul>\n<li><strong>Lohnschnitt (L\u00e4nge 1-12,30 m, Durchmesser bis 0,9 m)<br \/>\n<\/strong><\/li>\n<\/ul>\n<p>&nbsp;<\/p>\n<p>&nbsp;<\/p>\n<p>&nbsp;<\/p>\n","protected":false},"excerpt":{"rendered":"<p>&nbsp; &nbsp; &nbsp; Wir bieten Ihnen folgende Produkte an: Schnittholz in allen \u00fcblichen Dimensionen: Bauholz nach Liste Kanth\u00f6lzer, Latten, Bohlen Bretter (L\u00e4ngen 1-6 m) Blockware Holzarten: Fichte, L\u00e4rche, Douglasie, Eiche, Esche, Buche, etc. Paletten\u00a0 und Verpackungsh\u00f6lzer Konstruktionsvollholz KVH und Brettschichtholz BSH Hobelware (z.B. Terrassendielen L\u00e4rche, etc.) Brennholz (Buche oder Nadelholz) frisch oder abgelagert, Lieferung m\u00f6glich&#8230;  <a class=\"excerpt-read-more\" href=\"http:\/\/s\u00e4gewerk-spiegel.de\/?page_id=6\" title=\"ReadProdukte\">Read more &raquo;<\/a><\/p>\n","protected":false},"author":2,"featured_media":52,"parent":0,"menu_order":0,"comment_status":"open","ping_status":"open","template":"page-standard.php","meta":[],"_links":{"self":[{"href":"http:\/\/s\u00e4gewerk-spiegel.de\/index.php?rest_route=\/wp\/v2\/pages\/6"}],"collection":[{"href":"http:\/\/s\u00e4gewerk-spiegel.de\/index.php?rest_route=\/wp\/v2\/pages"}],"about":[{"href":"http:\/\/s\u00e4gewerk-spiegel.de\/index.php?rest_route=\/wp\/v2\/types\/page"}],"author":[{"embeddable":true,"href":"http:\/\/s\u00e4gewerk-spiegel.de\/index.php?rest_route=\/wp\/v2\/users\/2"}],"replies":[{"embeddable":true,"href":"http:\/\/s\u00e4gewerk-spiegel.de\/index.php?rest_route=%2Fwp%2Fv2%2Fcomments&post=6"}],"version-history":[{"count":26,"href":"http:\/\/s\u00e4gewerk-spiegel.de\/index.php?rest_route=\/wp\/v2\/pages\/6\/revisions"}],"predecessor-version":[{"id":124,"href":"http:\/\/s\u00e4gewerk-spiegel.de\/index.php?rest_route=\/wp\/v2\/pages\/6\/revisions\/124"}],"wp:featuredmedia":[{"embeddable":true,"href":"http:\/\/s\u00e4gewerk-spiegel.de\/index.php?rest_route=\/wp\/v2\/media\/52"}],"wp:attachment":[{"href":"http:\/\/s\u00e4gewerk-spiegel.de\/index.php?rest_route=%2Fwp%2Fv2%2Fmedia&parent=6"}],"curies":[{"name":"wp","href":"https:\/\/api.w.org\/{rel}","templated":true}]}}